{"id":38,"date":"2022-05-16T17:44:13","date_gmt":"2022-05-16T17:44:13","guid":{"rendered":"https:\/\/www.moteisparadiso.com.br\/site\/?page_id=38"},"modified":"2022-08-25T16:29:07","modified_gmt":"2022-08-25T19:29:07","slug":"inicio","status":"publish","type":"page","link":"https:\/\/www.moteisparadiso.com.br\/site\/","title":{"rendered":"In\u00edcio"},"content":{"rendered":"<div style=\"display: none;\">\n<p>motel passo fundo, carazinho, cruz alta, soledade, ibirub\u00e1, tapera, panambi suite passo fundo, carazinho, cruz alta, soledade, ibirub\u00e1, tapera, panambi, bebidas em passo fundo, carazinho, cruz alta, soledade, ibirub\u00e1, tapera, panambi, advocacia de apoio, passo fundo, carazinho, cruz alta, soledade, ibirub\u00e1, tapera, panambi RS, comida passo fundo, carazinho, cruz alta, soledade, ibirub\u00e1, tapera, panambi<\/p>\n<h1>advocacia de apoio em passo fundo, carazinho, cruz alta, soledade, ibirub\u00e1, tapera, panambi,\u00a0advocacia de apoio passo fundo, carazinho, cruz alta, soledade, ibirub\u00e1, tapera, panambi, suite passo fundo, carazinho, cruz alta, soledade, ibirub\u00e1, tapera, panambi,<\/h1>\n<h2>advocacia de apoio em passo fundo, carazinho, cruz alta, soledade, ibirub\u00e1, tapera, panambi, motel passo fundo, carazinho, cruz alta, soledade, ibirub\u00e1, tapera, panambi e regi\u00e3o, suite passo fundo, carazinho, cruz alta, soledade, ibirub\u00e1, tapera, panambi em passo fundo, carazinho, cruz alta, soledade, ibirub\u00e1, tapera, panambi, advocacia de apoio exame demissional passo fundo, carazinho, cruz alta, soledade, ibirub\u00e1, tapera, panambi, medicina em passo fundo, carazinho, cruz alta, soledade, ibirub\u00e1, tapera, panambi rs, advocacia de apoio, para passo fundo, carazinho, cruz alta, soledade, ibirub\u00e1, tapera, panambi e regi\u00e3o, advocacia de apoio para passo fundo, carazinho, cruz alta, soledade, ibirub\u00e1, tapera, panambi e regi\u00e3o\u00a0exame direito do consumidor passo fundo, carazinho, cruz alta, soledade, ibirub\u00e1, tapera, panambi de advocacia de apoio em passo fundo, carazinho, cruz alta, soledade, ibirub\u00e1, tapera, panambi, motel passo fundo, carazinho, cruz alta, soledade, ibirub\u00e1, tapera, panambi e regi\u00e3o, suite passo fundo, carazinho, cruz alta, soledade, ibirub\u00e1, tapera, panambi em passo fundo, carazinho, cruz alta, soledade, ibirub\u00e1, tapera, panambi, advocacia de apoio exame demissional passo fundo, carazinho, cruz alta, soledade, ibirub\u00e1, tapera, panambi, medicina em passo fundo, carazinho, cruz alta, soledade, ibirub\u00e1, tapera, panambi rs, advocacia de apoio,<a title=\"exame direito do consumidor passo fundo, carazinho, cruz alta, soledade, ibirub\u00e1, tapera, panambi de advocacia de apoio em passo fundo, carazinho, cruz alta, soledade, ibirub\u00e1, tapera, panambi, motel passo fundo, carazinho, cruz alta, soledade, ibirub\u00e1, tapera, panambi e regi\u00e3o, suite passo fundo, carazinho, cruz alta, soledade, ibirub\u00e1, tapera, panambi em passo fundo, carazinho, cruz alta, soledade, ibirub\u00e1, tapera, panambi, advocacia de apoio exame demissional passo fundo, carazinho, cruz alta, soledade, ibirub\u00e1, tapera, panambi, medicina em passo fundo, carazinho, cruz alta, soledade, ibirub\u00e1, tapera, panambi rs, advocacia de apoio, para passo fundo, carazinho, cruz alta, soledade, ibirub\u00e1, tapera, panambi e regi\u00e3o, advocacia de apoio para passo fundo, carazinho, cruz alta, soledade, ibirub\u00e1, tapera, panambi e regi\u00e3o\" href=\"https:\/\/www.moteisparadiso.com.br\">para passo fundo, carazinho, cruz alta, soledade, ibirub\u00e1, tapera, panambi e regi\u00e3o, advocacia de apoio para passo fundo, carazinho, cruz alta, soledade, ibirub\u00e1, tapera, panambi e regi\u00e3o\u00a0exame direito do consumidor passo fundo, carazinho, cruz alta, soledade, ibirub\u00e1, tapera, panambi de advocacia de apoio em passo fundo, carazinho, cruz alta, soledade, ibirub\u00e1, tapera, panambi, motel passo fundo, carazinho, cruz alta, soledade, ibirub\u00e1, tapera, panambi e regi\u00e3o, suite passo fundo, carazinho, cruz alta, soledade, ibirub\u00e1, tapera, panambi em passo fundo, carazinho, cruz alta, soledade, ibirub\u00e1, tapera, panambi, advocacia de apoio exame demissional passo fundo, carazinho, cruz alta, soledade, ibirub\u00e1, tapera, panambi, medicina em passo fundo, carazinho, cruz alta, soledade, ibirub\u00e1, tapera, panambi rs, advocacia de apoio<\/a>, para passo fundo, carazinho, cruz alta, soledade, ibirub\u00e1, tapera, panambi e regi\u00e3o, advocacia de apoio para passo fundo, carazinho, cruz alta, soledade, ibirub\u00e1, tapera, panambi e regi\u00e3o\u00a0exame direito do consumidor passo fundo, carazinho, cruz alta, soledade, ibirub\u00e1, tapera, panambi de advocacia de apoio em passo fundo, carazinho, cruz alta, soledade, ibirub\u00e1, tapera, panambi, motel passo fundo, carazinho, cruz alta, soledade, ibirub\u00e1, tapera, panambi e regi\u00e3o, suite passo fundo, carazinho, cruz alta, soledade, ibirub\u00e1, tapera, panambi em passo fundo, carazinho, cruz alta, soledade, ibirub\u00e1, tapera, panambi, advocacia de apoio exame demissional passo fundo, carazinho, cruz alta, soledade, ibirub\u00e1, tapera, panambi, medicina em passo fundo, carazinho, cruz alta, soledade, ibirub\u00e1, tapera, panambi rs, advocacia de apoio, para passo fundo, carazinho, cruz alta, soledade, ibirub\u00e1, tapera, panambi e regi\u00e3o, advocacia de apoio para passo fundo, carazinho, cruz alta, soledade, ibirub\u00e1, tapera, panambi e regi\u00e3o\u00a0exame direito do consumidor passo fundo, carazinho, cruz alta, soledade, ibirub\u00e1, tapera, panambi de advocacia de apoio em passo fundo, carazinho, cruz alta, soledade, ibirub\u00e1, tapera, panambi, motel passo fundo, carazinho, cruz alta, soledade, ibirub\u00e1, tapera, panambi e regi\u00e3o, suite passo fundo, carazinho, cruz alta, soledade, ibirub\u00e1, tapera, panambi em passo fundo, carazinho, cruz alta, soledade, ibirub\u00e1, tapera, panambi, advocacia de apoio exame demissional passo fundo, carazinho, cruz alta, soledade, ibirub\u00e1, tapera, panambi, medicina em passo fundo, carazinho, cruz alta, soledade, ibirub\u00e1, tapera, panambi rs, advocacia de apoio, para passo fundo, carazinho, cruz alta, soledade, ibirub\u00e1, tapera, panambi e regi\u00e3o,<a title=\"exame direito do consumidor passo fundo, carazinho, cruz alta, soledade, ibirub\u00e1, tapera, panambi de advocacia de apoio em passo fundo, carazinho, cruz alta, soledade, ibirub\u00e1, tapera, panambi, motel passo fundo, carazinho, cruz alta, soledade, ibirub\u00e1, tapera, panambi e regi\u00e3o, suite passo fundo, carazinho, cruz alta, soledade, ibirub\u00e1, tapera, panambi em passo fundo, carazinho, cruz alta, soledade, ibirub\u00e1, tapera, panambi, advocacia de apoio exame demissional passo fundo, carazinho, cruz alta, soledade, ibirub\u00e1, tapera, panambi, medicina em passo fundo, carazinho, cruz alta, soledade, ibirub\u00e1, tapera, panambi rs, advocacia de apoio, para passo fundo, carazinho, cruz alta, soledade, ibirub\u00e1, tapera, panambi e regi\u00e3o, advocacia de apoio para passo fundo, carazinho, cruz alta, soledade, ibirub\u00e1, tapera, panambi e regi\u00e3o\" href=\"https:\/\/www.moteisparadiso.com.br\/site\">advocacia de apoio para passo fundo, carazinho, cruz alta, soledade, ibirub\u00e1, tapera, panambi e regi\u00e3o\u00a0exame direito do consumidor passo fundo, carazinho, cruz alta, soledade, ibirub\u00e1, tapera, panambi de advocacia de apoio em passo fundo, carazinho, cruz alta, soledade, ibirub\u00e1, tapera, panambi, motel passo fundo, carazinho, cruz alta, soledade, ibirub\u00e1, tapera, panambi e regi\u00e3o, cria\u00e7\u00e3o de sit<\/a>es em passo fundo, carazinho, cruz alta, soledade, ibirub\u00e1, tapera, panambi, advocacia de apoio exame demissional passo fundo, carazinho, cruz alta, soledade, ibirub\u00e1, tapera, panambi, medicina em passo fundo, carazinho, cruz alta, soledade, ibirub\u00e1, tapera, panambi rs, advocacia de apoio, para passo fundo, carazinho, cruz alta, soledade, ibirub\u00e1, tapera, panambi e regi\u00e3o, advocacia de apoio para passo fundo, carazinho, cruz alta, soledade, ibirub\u00e1, tapera, panambi e regi\u00e3o<\/h2>\n<div id=\"attachment_747\" style=\"width: 353px\" class=\"wp-caption aligncenter\"><a href=\"https:\/\/www.moteisparadiso.com.br\/site\/wp-content\/uploads\/2013\/06\/per\u00edcia-m\u00e9dica-passo-fundo-rs.jpg\"><img aria-describedby=\"caption-attachment-747\" decoding=\"async\" loading=\"lazy\" class=\"size-full wp-image-747 \" title=\"exame direito do consumidor passo fundo, carazinho, cruz alta, soledade, ibirub\u00e1, tapera, panambi de advocacia de apoio em passo fundo, carazinho, cruz alta, soledade, ibirub\u00e1, tapera, panambi\" src=\"https:\/\/www.moteisparadiso.com.br\/site\/wp-content\/uploads\/2013\/06\/per\u00edcia-m\u00e9dica-passo-fundo-rs.jpg\" alt=\"exame direito do consumidor passo fundo, carazinho, cruz alta, soledade, ibirub\u00e1, tapera, panambi de advocacia de apoio em passo fundo, carazinho, cruz alta, soledade, ibirub\u00e1, tapera, panambi\" width=\"343\" height=\"300\"  loading=\"lazy\" \/><\/a><p id=\"caption-attachment-747\" class=\"wp-caption-text\">exame direito do consumidor passo fundo, carazinho, cruz alta, soledade, ibirub\u00e1, tapera, panambi de advocacia de apoio em passo fundo, carazinho, cruz alta, soledade, ibirub\u00e1, tapera, panambi<\/p><\/div>\n<\/div>\n","protected":false},"excerpt":{"rendered":"<p>motel passo fundo, carazinho, cruz alta, soledade, ibirub\u00e1, tapera, panambi suite passo fundo, carazinho, cruz alta, soledade, ibirub\u00e1, tapera, panambi, bebidas em passo fundo, carazinho, cruz alta, soledade, ibirub\u00e1, tapera, panambi, advocacia de apoio, passo fundo, carazinho, cruz alta, soledade, ibirub\u00e1, tapera, panambi RS, comida passo fundo, carazinho, cruz alta, soledade, ibirub\u00e1, tapera, panambi advocacia [&hellip;]<\/p>\n","protected":false},"author":1,"featured_media":0,"parent":0,"menu_order":0,"comment_status":"closed","ping_status":"closed","template":"template-inicio.php","meta":[],"_links":{"self":[{"href":"https:\/\/www.moteisparadiso.com.br\/site\/wp-json\/wp\/v2\/pages\/38"}],"collection":[{"href":"https:\/\/www.moteisparadiso.com.br\/site\/wp-json\/wp\/v2\/pages"}],"about":[{"href":"https:\/\/www.moteisparadiso.com.br\/site\/wp-json\/wp\/v2\/types\/page"}],"author":[{"embeddable":true,"href":"https:\/\/www.moteisparadiso.com.br\/site\/wp-json\/wp\/v2\/users\/1"}],"replies":[{"embeddable":true,"href":"https:\/\/www.moteisparadiso.com.br\/site\/wp-json\/wp\/v2\/comments?post=38"}],"version-history":[{"count":3,"href":"https:\/\/www.moteisparadiso.com.br\/site\/wp-json\/wp\/v2\/pages\/38\/revisions"}],"predecessor-version":[{"id":1607,"href":"https:\/\/www.moteisparadiso.com.br\/site\/wp-json\/wp\/v2\/pages\/38\/revisions\/1607"}],"wp:attachment":[{"href":"https:\/\/www.moteisparadiso.com.br\/site\/wp-json\/wp\/v2\/media?parent=38"}],"curies":[{"name":"wp","href":"https:\/\/api.w.org\/{rel}","templated":true}]}}